{"id":135,"date":"2023-03-01T17:20:24","date_gmt":"2023-03-01T20:20:24","guid":{"rendered":"https:\/\/pegraticonstrutora.com.br\/site\/?page_id=135"},"modified":"2026-03-31T21:15:51","modified_gmt":"2026-04-01T00:15:51","slug":"empresa","status":"publish","type":"page","link":"https:\/\/pegraticonstrutora.com.br\/site\/empresa\/","title":{"rendered":"empresa"},"content":{"rendered":"\t\t<div data-elementor-type=\"wp-page\" data-elementor-id=\"135\" class=\"elementor elementor-135\" data-elementor-post-type=\"page\">\n\t\t\t\t\t\t\t\t\t<section class=\"elementor-section elementor-top-section elementor-element elementor-element-3397f5e elementor-section-full_width elementor-section-height-default elementor-section-height-default\" data-id=\"3397f5e\" data-element_type=\"section\" data-settings=\"{&quot;background_background&quot;:&quot;classic&quot;}\">\n\t\t\t\t\t\t<div class=\"elementor-container elementor-column-gap-no\">\n\t\t\t\t\t<div class=\"elementor-column elementor-col-100 elementor-top-column elementor-element elementor-element-5f6c39f\" data-id=\"5f6c39f\" data-element_type=\"column\">\n\t\t\t<div class=\"elementor-widget-wrap elementor-element-populated\">\n\t\t\t\t\t\t\t\t<section class=\"elementor-section elementor-inner-section elementor-element elementor-element-a9fcce8 elementor-reverse-mobile elementor-section-boxed elementor-section-height-default elementor-section-height-default\" data-id=\"a9fcce8\" data-element_type=\"section\">\n\t\t\t\t\t\t<div class=\"elementor-container elementor-column-gap-default\">\n\t\t\t\t\t<div class=\"elementor-column elementor-col-50 elementor-inner-column elementor-element elementor-element-de028e7\" data-id=\"de028e7\" data-element_type=\"column\" data-settings=\"{&quot;background_background&quot;:&quot;classic&quot;}\">\n\t\t\t<div class=\"elementor-widget-wrap elementor-element-populated\">\n\t\t\t\t\t<div class=\"elementor-background-overlay\"><\/div>\n\t\t\t\t\t\t\t\t<div class=\"elementor-element elementor-element-a4a507c elementor-widget elementor-widget-text-editor\" data-id=\"a4a507c\" data-element_type=\"widget\" data-widget_type=\"text-editor.default\">\n\t\t\t\t<div class=\"elementor-widget-container\">\n\t\t\t<style>\/*! elementor - v3.18.0 - 08-12-2023 *\/\n.elementor-widget-text-editor.elementor-drop-cap-view-stacked .elementor-drop-cap{background-color:#69727d;color:#fff}.elementor-widget-text-editor.elementor-drop-cap-view-framed .elementor-drop-cap{color:#69727d;border:3px solid;background-color:transparent}.elementor-widget-text-editor:not(.elementor-drop-cap-view-default) .elementor-drop-cap{margin-top:8px}.elementor-widget-text-editor:not(.elementor-drop-cap-view-default) .elementor-drop-cap-letter{width:1em;height:1em}.elementor-widget-text-editor .elementor-drop-cap{float:left;text-align:center;line-height:1;font-size:50px}.elementor-widget-text-editor .elementor-drop-cap-letter{display:inline-block}<\/style>\t\t\t\t<p>Somos o novo que soma experi\u00eancia com vis\u00e3o de futuro.<\/p><p>Acreditamos que um passo vem ap\u00f3s o outro e que<br \/>o caminho \u00e9 um constante aprendizado.<\/p><p>Valorizamos as conex\u00f5es que v\u00e3o al\u00e9m das parcerias, e que s\u00e3o capazes de mudar o mundo.<\/p>\t\t\t\t\t\t<\/div>\n\t\t\t\t<\/div>\n\t\t\t\t\t<\/div>\n\t\t<\/div>\n\t\t\t\t<div class=\"elementor-column elementor-col-50 elementor-inner-column elementor-element elementor-element-cd94ceb\" data-id=\"cd94ceb\" data-element_type=\"column\">\n\t\t\t<div class=\"elementor-widget-wrap elementor-element-populated\">\n\t\t\t\t\t\t\t\t<div class=\"elementor-element elementor-element-322331c elementor-widget elementor-widget-heading\" data-id=\"322331c\" data-element_type=\"widget\" data-widget_type=\"heading.default\">\n\t\t\t\t<div class=\"elementor-widget-container\">\n\t\t\t<style>\/*! elementor - v3.18.0 - 08-12-2023 *\/\n.elementor-heading-title{padding:0;margin:0;line-height:1}.elementor-widget-heading .elementor-heading-title[class*=elementor-size-]>a{color:inherit;font-size:inherit;line-height:inherit}.elementor-widget-heading .elementor-heading-title.elementor-size-small{font-size:15px}.elementor-widget-heading .elementor-heading-title.elementor-size-medium{font-size:19px}.elementor-widget-heading .elementor-heading-title.elementor-size-large{font-size:29px}.elementor-widget-heading .elementor-heading-title.elementor-size-xl{font-size:39px}.elementor-widget-heading .elementor-heading-title.elementor-size-xxl{font-size:59px}<\/style><h2 class=\"elementor-heading-title elementor-size-default\">QUEM <BR>SOMOS<\/h2>\t\t<\/div>\n\t\t\t\t<\/div>\n\t\t\t\t<div class=\"elementor-element elementor-element-e2f18d2 elementor-widget elementor-widget-image\" data-id=\"e2f18d2\" data-element_type=\"widget\" data-widget_type=\"image.default\">\n\t\t\t\t<div class=\"elementor-widget-container\">\n\t\t\t<style>\/*! elementor - v3.18.0 - 08-12-2023 *\/\n.elementor-widget-image{text-align:center}.elementor-widget-image a{display:inline-block}.elementor-widget-image a img[src$=\".svg\"]{width:48px}.elementor-widget-image img{vertical-align:middle;display:inline-block}<\/style>\t\t\t\t\t\t\t\t\t\t\t\t<img decoding=\"async\" src=\"http:\/\/pegraticonstrutora.com.br\/site\/wp-content\/uploads\/2023\/05\/quem-somos-img.png\" title=\"\" alt=\"\" loading=\"lazy\" \/>\t\t\t\t\t\t\t\t\t\t\t\t\t\t\t<\/div>\n\t\t\t\t<\/div>\n\t\t\t\t\t<\/div>\n\t\t<\/div>\n\t\t\t\t\t\t\t<\/div>\n\t\t<\/section>\n\t\t\t\t\t<\/div>\n\t\t<\/div>\n\t\t\t\t\t\t\t<\/div>\n\t\t<\/section>\n\t\t\t\t<section class=\"elementor-section elementor-top-section elementor-element elementor-element-6e71703 elementor-section-boxed elementor-section-height-default elementor-section-height-default\" data-id=\"6e71703\" data-element_type=\"section\">\n\t\t\t\t\t\t<div class=\"elementor-container elementor-column-gap-no\">\n\t\t\t\t\t<div class=\"elementor-column elementor-col-100 elementor-top-column elementor-element elementor-element-6035b51\" data-id=\"6035b51\" data-element_type=\"column\">\n\t\t\t<div class=\"elementor-widget-wrap elementor-element-populated\">\n\t\t\t\t\t\t\t\t<div class=\"elementor-element elementor-element-2d7208e elementor-widget elementor-widget-heading\" data-id=\"2d7208e\" data-element_type=\"widget\" data-widget_type=\"heading.default\">\n\t\t\t\t<div class=\"elementor-widget-container\">\n\t\t\t<h2 class=\"elementor-heading-title elementor-size-default\">MISS\u00c3O<\/h2>\t\t<\/div>\n\t\t\t\t<\/div>\n\t\t\t\t<div class=\"elementor-element elementor-element-07bd7a9 elementor-widget elementor-widget-text-editor\" data-id=\"07bd7a9\" data-element_type=\"widget\" data-widget_type=\"text-editor.default\">\n\t\t\t\t<div class=\"elementor-widget-container\">\n\t\t\t\t\t\t\t<p>Nossa miss\u00e3o \u00e9 proporcionar desde a decis\u00e3o de compra do terreno, na defini\u00e7\u00e3o de produto, projeto e na escolha de parceiros para assegurar ao mercado da constru\u00e7\u00e3o civil servi\u00e7os com elevado padr\u00e3o de qualidade, considerando fundamental o cumprimento das normas de Qualidade, Seguran\u00e7a e Meio Ambiente.<\/p><p>Busca de inova\u00e7\u00e3o continuamente por meio de investimentos em tecnologia e qualifica\u00e7\u00e3o profissional, visando o aperfei\u00e7oamento constante dos nossos trabalhos e a satisfa\u00e7\u00e3o de nossos clientes.<\/p><p>Entusiasmo, gest\u00e3o transparente, pontualidade e organiza\u00e7\u00e3o est\u00e3o presentes em cada etapa. Soma-se, ainda, comportamento \u00e9tico, respeito ao meio ambiente e criteriosa qualidade no processo construtivo, visando entregar obras que superem, em todos os aspectos, as expectativas de nossos clientes.<\/p><p>Tudo para garantir a excel\u00eancia na entrega de empreendimentos imobili\u00e1rios, por meio do desenvolvimento de servi\u00e7os que contribuam para a melhoria da qualidade de vida das pessoas.<\/p>\t\t\t\t\t\t<\/div>\n\t\t\t\t<\/div>\n\t\t\t\t<div class=\"elementor-element elementor-element-2a59286 elementor-widget elementor-widget-heading\" data-id=\"2a59286\" data-element_type=\"widget\" data-widget_type=\"heading.default\">\n\t\t\t\t<div class=\"elementor-widget-container\">\n\t\t\t<h2 class=\"elementor-heading-title elementor-size-default\">VIS\u00c3O<\/h2>\t\t<\/div>\n\t\t\t\t<\/div>\n\t\t\t\t<div class=\"elementor-element elementor-element-04ba501 elementor-widget elementor-widget-text-editor\" data-id=\"04ba501\" data-element_type=\"widget\" data-widget_type=\"text-editor.default\">\n\t\t\t\t<div class=\"elementor-widget-container\">\n\t\t\t\t\t\t\t<p>Tornar-se refer\u00eancia no ramo de incorpora\u00e7\u00e3o, constru\u00e7\u00e3o e vendas de seus empreendimentos. Ser reconhecida como uma das melhores op\u00e7\u00f5es na gera\u00e7\u00e3o de valor por seus colaboradores, parceiros e clientes.<\/p>\t\t\t\t\t\t<\/div>\n\t\t\t\t<\/div>\n\t\t\t\t<div class=\"elementor-element elementor-element-a0b56e6 elementor-widget elementor-widget-heading\" data-id=\"a0b56e6\" data-element_type=\"widget\" data-widget_type=\"heading.default\">\n\t\t\t\t<div class=\"elementor-widget-container\">\n\t\t\t<h2 class=\"elementor-heading-title elementor-size-default\">VALORES<\/h2>\t\t<\/div>\n\t\t\t\t<\/div>\n\t\t\t\t<div class=\"elementor-element elementor-element-b9a28a9 elementor-widget elementor-widget-text-editor\" data-id=\"b9a28a9\" data-element_type=\"widget\" data-widget_type=\"text-editor.default\">\n\t\t\t\t<div class=\"elementor-widget-container\">\n\t\t\t\t\t\t\t<p>\u2022\u00a0 Confian\u00e7a no Ser Humano e na sua capacidade de se desenvolver pelo trabalho;<br \/>\u2022\u00a0 Postura de gratid\u00e3o e humildade;<br \/>\u2022\u00a0 Zelo pela integridade, seguran\u00e7a e valoriza\u00e7\u00e3o de nossos colaboradores;<br \/>\u2022\u00a0 Conduta refletida pelos mais altos padr\u00f5es \u00e9ticos;<br \/>\u2022\u00a0 Busca incessante pela melhoria dos resultados obtidos;<br \/>\u2022\u00a0 Comunica\u00e7\u00e3o clara e precisa;<br \/>\u2022\u00a0 Gerenciamento em equipe, consistente e focado;<br \/>\u2022 Relacionamento com clientes e colaboradores transparente e baseado na responsabilidade e confian\u00e7a entre as partes;<br \/>\u2022\u00a0 Foco em resultados e qualidade de servi\u00e7os.<\/p>\t\t\t\t\t\t<\/div>\n\t\t\t\t<\/div>\n\t\t\t\t<div class=\"elementor-element elementor-element-7a901b0 elementor-widget elementor-widget-text-editor\" data-id=\"7a901b0\" data-element_type=\"widget\" data-widget_type=\"text-editor.default\">\n\t\t\t\t<div class=\"elementor-widget-container\">\n\t\t\t\t\t\t\t<p>\u2022\u00a0 Confian\u00e7a no Ser Humano e na sua capacidade de se desenvolver pelo trabalho;<br \/>\u2022\u00a0 Postura de gratid\u00e3o e humildade;<br \/>\u2022\u00a0 Zelo pela integridade, seguran\u00e7a e valoriza\u00e7\u00e3o de nossos colaboradores;<br \/>\u2022\u00a0 Conduta refletida pelos mais altos padr\u00f5es \u00e9ticos;<br \/>\u2022\u00a0 Busca incessante pela melhoria dos resultados obtidos;<br \/>\u2022\u00a0 Comunica\u00e7\u00e3o clara e precisa;<br \/>\u2022\u00a0 Gerenciamento em equipe, consistente e focado;<br \/>\u2022 Relacionamento com clientes e colaboradores transparente e baseado na responsabilidade e confian\u00e7a entre as partes;<br \/>\u2022\u00a0 Foco em resultados e qualidade de servi\u00e7os.<\/p>\t\t\t\t\t\t<\/div>\n\t\t\t\t<\/div>\n\t\t\t\t<div class=\"elementor-element elementor-element-3a04a3e elementor-widget elementor-widget-image\" data-id=\"3a04a3e\" data-element_type=\"widget\" data-widget_type=\"image.default\">\n\t\t\t\t<div class=\"elementor-widget-container\">\n\t\t\t\t\t\t\t\t\t\t\t\t\t\t\t<img fetchpriority=\"high\" decoding=\"async\" width=\"693\" height=\"961\" src=\"https:\/\/pegraticonstrutora.com.br\/site\/wp-content\/uploads\/2026\/03\/Captura-de-tela-2026-03-31-210306.png\" class=\"attachment-large size-large wp-image-1552\" alt=\"\" srcset=\"https:\/\/pegraticonstrutora.com.br\/site\/wp-content\/uploads\/2026\/03\/Captura-de-tela-2026-03-31-210306.png 693w, https:\/\/pegraticonstrutora.com.br\/site\/wp-content\/uploads\/2026\/03\/Captura-de-tela-2026-03-31-210306-216x300.png 216w\" sizes=\"(max-width: 693px) 100vw, 693px\" \/>\t\t\t\t\t\t\t\t\t\t\t\t\t\t\t<\/div>\n\t\t\t\t<\/div>\n\t\t\t\t<div class=\"elementor-element elementor-element-1074c86 elementor-widget elementor-widget-image\" data-id=\"1074c86\" data-element_type=\"widget\" data-widget_type=\"image.default\">\n\t\t\t\t<div class=\"elementor-widget-container\">\n\t\t\t\t\t\t\t\t\t\t\t\t\t\t\t<img decoding=\"async\" width=\"691\" height=\"958\" src=\"https:\/\/pegraticonstrutora.com.br\/site\/wp-content\/uploads\/2026\/03\/imagem_2026-03-31_211221456.png\" class=\"attachment-large size-large wp-image-1547\" alt=\"\" srcset=\"https:\/\/pegraticonstrutora.com.br\/site\/wp-content\/uploads\/2026\/03\/imagem_2026-03-31_211221456.png 691w, https:\/\/pegraticonstrutora.com.br\/site\/wp-content\/uploads\/2026\/03\/imagem_2026-03-31_211221456-216x300.png 216w\" sizes=\"(max-width: 691px) 100vw, 691px\" \/>\t\t\t\t\t\t\t\t\t\t\t\t\t\t\t<\/div>\n\t\t\t\t<\/div>\n\t\t\t\t<div class=\"elementor-element elementor-element-73e8b4b elementor-widget elementor-widget-text-editor\" data-id=\"73e8b4b\" data-element_type=\"widget\" data-widget_type=\"text-editor.default\">\n\t\t\t\t<div class=\"elementor-widget-container\">\n\t\t\t\t\t\t\t\t\t\t\t\t\t<\/div>\n\t\t\t\t<\/div>\n\t\t\t\t\t<\/div>\n\t\t<\/div>\n\t\t\t\t\t\t\t<\/div>\n\t\t<\/section>\n\t\t\t\t<section class=\"elementor-section elementor-top-section elementor-element elementor-element-1d76133 elementor-section-full_width elementor-section-height-default elementor-section-height-default\" data-id=\"1d76133\" data-element_type=\"section\" data-settings=\"{&quot;background_background&quot;:&quot;classic&quot;}\">\n\t\t\t\t\t\t<div class=\"elementor-container elementor-column-gap-no\">\n\t\t\t\t\t<div class=\"elementor-column elementor-col-100 elementor-top-column elementor-element elementor-element-b4fa707\" data-id=\"b4fa707\" data-element_type=\"column\">\n\t\t\t<div class=\"elementor-widget-wrap elementor-element-populated\">\n\t\t\t\t\t\t\t\t<section class=\"elementor-section elementor-inner-section elementor-element elementor-element-64247fd elementor-section-boxed elementor-section-height-default elementor-section-height-default\" data-id=\"64247fd\" data-element_type=\"section\">\n\t\t\t\t\t\t<div class=\"elementor-container elementor-column-gap-default\">\n\t\t\t\t\t<div class=\"elementor-column elementor-col-33 elementor-inner-column elementor-element elementor-element-6c34309\" data-id=\"6c34309\" data-element_type=\"column\">\n\t\t\t<div class=\"elementor-widget-wrap elementor-element-populated\">\n\t\t\t\t\t\t\t\t<div class=\"elementor-element elementor-element-f8b0cc6 elementor-widget elementor-widget-heading\" data-id=\"f8b0cc6\" data-element_type=\"widget\" data-widget_type=\"heading.default\">\n\t\t\t\t<div class=\"elementor-widget-container\">\n\t\t\t<h2 class=\"elementor-heading-title elementor-size-default\">CENTRAL DE VENDAS<\/h2>\t\t<\/div>\n\t\t\t\t<\/div>\n\t\t\t\t\t<\/div>\n\t\t<\/div>\n\t\t\t\t<div class=\"elementor-column elementor-col-33 elementor-inner-column elementor-element elementor-element-51ca888\" data-id=\"51ca888\" data-element_type=\"column\">\n\t\t\t<div class=\"elementor-widget-wrap elementor-element-populated\">\n\t\t\t\t\t\t\t\t<div class=\"elementor-element elementor-element-1e54977 elementor-widget elementor-widget-image\" data-id=\"1e54977\" data-element_type=\"widget\" data-widget_type=\"image.default\">\n\t\t\t\t<div class=\"elementor-widget-container\">\n\t\t\t\t\t\t\t\t\t\t\t\t\t\t\t<img decoding=\"async\" width=\"85\" height=\"92\" src=\"https:\/\/pegraticonstrutora.com.br\/site\/wp-content\/uploads\/2023\/03\/pegrati_icon_rodape_foneAtivo-3.png\" class=\"attachment-thumbnail size-thumbnail wp-image-222\" alt=\"\" \/>\t\t\t\t\t\t\t\t\t\t\t\t\t\t\t<\/div>\n\t\t\t\t<\/div>\n\t\t\t\t\t<\/div>\n\t\t<\/div>\n\t\t\t\t<div class=\"elementor-column elementor-col-33 elementor-inner-column elementor-element elementor-element-15b065f\" data-id=\"15b065f\" data-element_type=\"column\">\n\t\t\t<div class=\"elementor-widget-wrap elementor-element-populated\">\n\t\t\t\t\t\t\t\t<div class=\"elementor-element elementor-element-9975684 elementor-widget elementor-widget-heading\" data-id=\"9975684\" data-element_type=\"widget\" data-widget_type=\"heading.default\">\n\t\t\t\t<div class=\"elementor-widget-container\">\n\t\t\t<h2 class=\"elementor-heading-title elementor-size-default\">(13) 3346.5901<\/h2>\t\t<\/div>\n\t\t\t\t<\/div>\n\t\t\t\t\t<\/div>\n\t\t<\/div>\n\t\t\t\t\t\t\t<\/div>\n\t\t<\/section>\n\t\t\t\t\t<\/div>\n\t\t<\/div>\n\t\t\t\t\t\t\t<\/div>\n\t\t<\/section>\n\t\t\t\t\t\t\t<\/div>\n\t\t","protected":false},"excerpt":{"rendered":"<p>Somos o novo que soma experi\u00eancia com vis\u00e3o de futuro. Acreditamos que um passo vem ap\u00f3s o outro e queo caminho \u00e9 um constante aprendizado. Valorizamos as conex\u00f5es que v\u00e3o al\u00e9m das parcerias, e que s\u00e3o capazes de mudar o mundo. QUEM SOMOS MISS\u00c3O Nossa miss\u00e3o \u00e9 proporcionar desde a decis\u00e3o de compra do terreno, [&hellip;]<\/p>\n","protected":false},"author":1,"featured_media":0,"parent":0,"menu_order":0,"comment_status":"closed","ping_status":"closed","template":"elementor_header_footer","meta":{"site-sidebar-layout":"no-sidebar","site-content-layout":"page-builder","ast-site-content-layout":"","site-content-style":"default","site-sidebar-style":"default","ast-global-header-display":"","ast-banner-title-visibility":"","ast-main-header-display":"","ast-hfb-above-header-display":"","ast-hfb-below-header-display":"","ast-hfb-mobile-header-display":"","site-post-title":"disabled","ast-breadcrumbs-content":"","ast-featured-img":"disabled","footer-sml-layout":"","theme-transparent-header-meta":"","adv-header-id-meta":"","stick-header-meta":"","header-above-stick-meta":"","header-main-stick-meta":"","header-below-stick-meta":"","astra-migrate-meta-layouts":"default","ast-page-background-enabled":"default","ast-page-background-meta":{"desktop":{"background-color":"var(--ast-global-color-4)","background-image":"","background-repeat":"repeat","background-position":"center center","background-size":"auto","background-attachment":"scroll","background-type":"","background-media":"","overlay-type":"","overlay-color":"","overlay-gradient":""},"tablet":{"background-color":"","background-image":"","background-repeat":"repeat","background-position":"center center","background-size":"auto","background-attachment":"scroll","background-type":"","background-media":"","overlay-type":"","overlay-color":"","overlay-gradient":""},"mobile":{"background-color":"","background-image":"","background-repeat":"repeat","background-position":"center center","background-size":"auto","background-attachment":"scroll","background-type":"","background-media":"","overlay-type":"","overlay-color":"","overlay-gradient":""}},"ast-content-background-meta":{"desktop":{"background-color":"var(--ast-global-color-5)","background-image":"","background-repeat":"repeat","background-position":"center center","background-size":"auto","background-attachment":"scroll","background-type":"","background-media":"","overlay-type":"","overlay-color":"","overlay-gradient":""},"tablet":{"background-color":"var(--ast-global-color-5)","background-image":"","background-repeat":"repeat","background-position":"center center","background-size":"auto","background-attachment":"scroll","background-type":"","background-media":"","overlay-type":"","overlay-color":"","overlay-gradient":""},"mobile":{"background-color":"var(--ast-global-color-5)","background-image":"","background-repeat":"repeat","background-position":"center center","background-size":"auto","background-attachment":"scroll","background-type":"","background-media":"","overlay-type":"","overlay-color":"","overlay-gradient":""}},"footnotes":""},"class_list":["post-135","page","type-page","status-publish","hentry"],"_links":{"self":[{"href":"https:\/\/pegraticonstrutora.com.br\/site\/wp-json\/wp\/v2\/pages\/135","targetHints":{"allow":["GET"]}}],"collection":[{"href":"https:\/\/pegraticonstrutora.com.br\/site\/wp-json\/wp\/v2\/pages"}],"about":[{"href":"https:\/\/pegraticonstrutora.com.br\/site\/wp-json\/wp\/v2\/types\/page"}],"author":[{"embeddable":true,"href":"https:\/\/pegraticonstrutora.com.br\/site\/wp-json\/wp\/v2\/users\/1"}],"replies":[{"embeddable":true,"href":"https:\/\/pegraticonstrutora.com.br\/site\/wp-json\/wp\/v2\/comments?post=135"}],"version-history":[{"count":154,"href":"https:\/\/pegraticonstrutora.com.br\/site\/wp-json\/wp\/v2\/pages\/135\/revisions"}],"predecessor-version":[{"id":1555,"href":"https:\/\/pegraticonstrutora.com.br\/site\/wp-json\/wp\/v2\/pages\/135\/revisions\/1555"}],"wp:attachment":[{"href":"https:\/\/pegraticonstrutora.com.br\/site\/wp-json\/wp\/v2\/media?parent=135"}],"curies":[{"name":"wp","href":"https:\/\/api.w.org\/{rel}","templated":true}]}}