{"id":234,"date":"2023-03-01T18:32:37","date_gmt":"2023-03-01T21:32:37","guid":{"rendered":"https:\/\/pegraticonstrutora.com.br\/site\/?page_id=234"},"modified":"2023-05-28T16:18:35","modified_gmt":"2023-05-28T19:18:35","slug":"fale-conosco","status":"publish","type":"page","link":"https:\/\/pegraticonstrutora.com.br\/site\/fale-conosco\/","title":{"rendered":"Fale Conosco"},"content":{"rendered":"\t\t<div data-elementor-type=\"wp-page\" data-elementor-id=\"234\" class=\"elementor elementor-234\" data-elementor-post-type=\"page\">\n\t\t\t\t\t\t\t\t\t<section class=\"elementor-section elementor-top-section elementor-element elementor-element-a088598 elementor-section-full_width elementor-section-height-default elementor-section-height-default\" data-id=\"a088598\" data-element_type=\"section\" data-settings=\"{&quot;background_background&quot;:&quot;classic&quot;}\">\n\t\t\t\t\t\t<div class=\"elementor-container elementor-column-gap-no\">\n\t\t\t\t\t<div class=\"elementor-column elementor-col-100 elementor-top-column elementor-element elementor-element-23cb5e5\" data-id=\"23cb5e5\" data-element_type=\"column\">\n\t\t\t<div class=\"elementor-widget-wrap elementor-element-populated\">\n\t\t\t\t\t\t\t\t<section class=\"elementor-section elementor-inner-section elementor-element elementor-element-42ceff2 elementor-section-boxed elementor-section-height-default elementor-section-height-default\" data-id=\"42ceff2\" data-element_type=\"section\">\n\t\t\t\t\t\t<div class=\"elementor-container elementor-column-gap-default\">\n\t\t\t\t\t<div class=\"elementor-column elementor-col-50 elementor-inner-column elementor-element elementor-element-f94824e\" data-id=\"f94824e\" data-element_type=\"column\" data-settings=\"{&quot;background_background&quot;:&quot;classic&quot;}\">\n\t\t\t<div class=\"elementor-widget-wrap elementor-element-populated\">\n\t\t\t\t\t<div class=\"elementor-background-overlay\"><\/div>\n\t\t\t\t\t\t\t\t<div class=\"elementor-element elementor-element-fba52b2 elementor-widget elementor-widget-heading\" data-id=\"fba52b2\" data-element_type=\"widget\" data-widget_type=\"heading.default\">\n\t\t\t\t<div class=\"elementor-widget-container\">\n\t\t\t<style>\/*! elementor - v3.18.0 - 08-12-2023 *\/\n.elementor-heading-title{padding:0;margin:0;line-height:1}.elementor-widget-heading .elementor-heading-title[class*=elementor-size-]>a{color:inherit;font-size:inherit;line-height:inherit}.elementor-widget-heading .elementor-heading-title.elementor-size-small{font-size:15px}.elementor-widget-heading .elementor-heading-title.elementor-size-medium{font-size:19px}.elementor-widget-heading .elementor-heading-title.elementor-size-large{font-size:29px}.elementor-widget-heading .elementor-heading-title.elementor-size-xl{font-size:39px}.elementor-widget-heading .elementor-heading-title.elementor-size-xxl{font-size:59px}<\/style><h2 class=\"elementor-heading-title elementor-size-default\">Fale Conosco<\/h2>\t\t<\/div>\n\t\t\t\t<\/div>\n\t\t\t\t\t<\/div>\n\t\t<\/div>\n\t\t\t\t<div class=\"elementor-column elementor-col-50 elementor-inner-column elementor-element elementor-element-9ca7b5d\" data-id=\"9ca7b5d\" data-element_type=\"column\">\n\t\t\t<div class=\"elementor-widget-wrap elementor-element-populated\">\n\t\t\t\t\t\t\t\t<div class=\"elementor-element elementor-element-a777add elementor-widget elementor-widget-image\" data-id=\"a777add\" data-element_type=\"widget\" data-widget_type=\"image.default\">\n\t\t\t\t<div class=\"elementor-widget-container\">\n\t\t\t<style>\/*! elementor - v3.18.0 - 08-12-2023 *\/\n.elementor-widget-image{text-align:center}.elementor-widget-image a{display:inline-block}.elementor-widget-image a img[src$=\".svg\"]{width:48px}.elementor-widget-image img{vertical-align:middle;display:inline-block}<\/style>\t\t\t\t\t\t\t\t\t\t\t\t<img fetchpriority=\"high\" decoding=\"async\" width=\"300\" height=\"300\" src=\"https:\/\/pegraticonstrutora.com.br\/site\/wp-content\/uploads\/2023\/03\/pegrati_img_conatoAtivo-2-300x300.png\" class=\"attachment-medium size-medium wp-image-341\" alt=\"\" srcset=\"https:\/\/pegraticonstrutora.com.br\/site\/wp-content\/uploads\/2023\/03\/pegrati_img_conatoAtivo-2-300x300.png 300w, https:\/\/pegraticonstrutora.com.br\/site\/wp-content\/uploads\/2023\/03\/pegrati_img_conatoAtivo-2-150x150.png 150w, https:\/\/pegraticonstrutora.com.br\/site\/wp-content\/uploads\/2023\/03\/pegrati_img_conatoAtivo-2.png 538w\" sizes=\"(max-width: 300px) 100vw, 300px\" \/>\t\t\t\t\t\t\t\t\t\t\t\t\t\t\t<\/div>\n\t\t\t\t<\/div>\n\t\t\t\t\t<\/div>\n\t\t<\/div>\n\t\t\t\t\t\t\t<\/div>\n\t\t<\/section>\n\t\t\t\t<section class=\"elementor-section elementor-inner-section elementor-element elementor-element-e8f0468 elementor-section-boxed elementor-section-height-default elementor-section-height-default\" data-id=\"e8f0468\" data-element_type=\"section\">\n\t\t\t\t\t\t<div class=\"elementor-container elementor-column-gap-default\">\n\t\t\t\t\t<div class=\"elementor-column elementor-col-50 elementor-inner-column elementor-element elementor-element-b92e9db\" data-id=\"b92e9db\" data-element_type=\"column\" data-settings=\"{&quot;background_background&quot;:&quot;classic&quot;}\">\n\t\t\t<div class=\"elementor-widget-wrap elementor-element-populated\">\n\t\t\t\t\t<div class=\"elementor-background-overlay\"><\/div>\n\t\t\t\t\t\t\t\t<div class=\"elementor-element elementor-element-c09e1e3 elementor-widget elementor-widget-text-editor\" data-id=\"c09e1e3\" data-element_type=\"widget\" data-widget_type=\"text-editor.default\">\n\t\t\t\t<div class=\"elementor-widget-container\">\n\t\t\t<style>\/*! elementor - v3.18.0 - 08-12-2023 *\/\n.elementor-widget-text-editor.elementor-drop-cap-view-stacked .elementor-drop-cap{background-color:#69727d;color:#fff}.elementor-widget-text-editor.elementor-drop-cap-view-framed .elementor-drop-cap{color:#69727d;border:3px solid;background-color:transparent}.elementor-widget-text-editor:not(.elementor-drop-cap-view-default) .elementor-drop-cap{margin-top:8px}.elementor-widget-text-editor:not(.elementor-drop-cap-view-default) .elementor-drop-cap-letter{width:1em;height:1em}.elementor-widget-text-editor .elementor-drop-cap{float:left;text-align:center;line-height:1;font-size:50px}.elementor-widget-text-editor .elementor-drop-cap-letter{display:inline-block}<\/style>\t\t\t\t<p>Estamos prontos para atender com excel\u00eancia para que voc\u00ea possa sempre fazer o melhor neg\u00f3cio. Entre em contato.<\/p><p>\u00a0<\/p>\t\t\t\t\t\t<\/div>\n\t\t\t\t<\/div>\n\t\t\t\t\t<\/div>\n\t\t<\/div>\n\t\t\t\t<div class=\"elementor-column elementor-col-50 elementor-inner-column elementor-element elementor-element-30d0892\" data-id=\"30d0892\" data-element_type=\"column\" data-settings=\"{&quot;background_background&quot;:&quot;classic&quot;}\">\n\t\t\t<div class=\"elementor-widget-wrap elementor-element-populated\">\n\t\t\t\t\t<div class=\"elementor-background-overlay\"><\/div>\n\t\t\t\t\t\t\t\t<div class=\"elementor-element elementor-element-35190da elementor-widget elementor-widget-wp-widget-xyz_insert_php_widget\" data-id=\"35190da\" data-element_type=\"widget\" data-widget_type=\"wp-widget-xyz_insert_php_widget.default\">\n\t\t\t\t<div class=\"elementor-widget-container\">\n\t\t\t<!-- CSS only -->\r\n<link href=\"https:\/\/cdn.jsdelivr.net\/npm\/bootstrap@5.1.3\/dist\/css\/bootstrap.min.css\" rel=\"stylesheet\" integrity=\"sha384-1BmE4kWBq78iYhFldvKuhfTAU6auU8tT94WrHftjDbrCEXSU1oBoqyl2QvZ6jIW3\" crossorigin=\"anonymous\">\r\n\r\n\r\n<form class=\"user\" name=\"areacleinte\" action=\"..\/..\/cadastros\/contato.php?acao=contato\" method=\"post\" >\r\n  <div class=\"form-group\">\r\n\r\n\r\n\r\n    <input type=\"text\" class=\"form-control\" id=\"nome\" name=\"nome\" aria-describedby=\"emailHelp\" placeholder=\"Nome\" required >\r\n<\/div>\r\n\r\n  <div class=\"form-group\">\r\n  <input type=\"email\" class=\"form-control\" id=\"email\"  name=\"email\" aria-describedby=\"emailHelp\" placeholder=\"E-mail\" required >\r\n\r\n<select class=\"form-control\" id=\"assunto\"  name=\"assunto\" required >\r\n<option value=\"1\"> Vendas <\/option>\r\n<option value=\"4\"> Dep. Pessoal<\/option>\r\n<option value=\"2\"> Compras <\/option>\r\n<option value=\"3\"> Atendimento a Clientes <\/option>\r\n<\/select>\r\n\r\n\r\n<textarea class=\"form-control\" id=\"mensagem\"  name=\"mensagem\" placeholder=\"Mensagem\" rows=\"3\" required ><\/textarea>\r\n\r\n\r\n  <\/div>\r\n\r\n<input type=\"submit\" class=\"campo_submit\" value=\"Enviar\" \/>\r\n\r\n<\/form>\t\t<\/div>\n\t\t\t\t<\/div>\n\t\t\t\t\t<\/div>\n\t\t<\/div>\n\t\t\t\t\t\t\t<\/div>\n\t\t<\/section>\n\t\t\t\t\t<\/div>\n\t\t<\/div>\n\t\t\t\t\t\t\t<\/div>\n\t\t<\/section>\n\t\t\t\t\t\t\t<\/div>\n\t\t","protected":false},"excerpt":{"rendered":"<p>Fale Conosco Estamos prontos para atender com excel\u00eancia para que voc\u00ea possa sempre fazer o melhor neg\u00f3cio. Entre em contato. \u00a0<\/p>\n","protected":false},"author":1,"featured_media":0,"parent":0,"menu_order":0,"comment_status":"closed","ping_status":"closed","template":"elementor_header_footer","meta":{"site-sidebar-layout":"no-sidebar","site-content-layout":"page-builder","ast-site-content-layout":"","site-content-style":"default","site-sidebar-style":"default","ast-global-header-display":"","ast-banner-title-visibility":"","ast-main-header-display":"","ast-hfb-above-header-display":"","ast-hfb-below-header-display":"","ast-hfb-mobile-header-display":"","site-post-title":"disabled","ast-breadcrumbs-content":"","ast-featured-img":"disabled","footer-sml-layout":"","theme-transparent-header-meta":"","adv-header-id-meta":"","stick-header-meta":"","header-above-stick-meta":"","header-main-stick-meta":"","header-below-stick-meta":"","astra-migrate-meta-layouts":"default","ast-page-background-enabled":"default","ast-page-background-meta":{"desktop":{"background-color":"var(--ast-global-color-4)","background-image":"","background-repeat":"repeat","background-position":"center center","background-size":"auto","background-attachment":"scroll","background-type":"","background-media":"","overlay-type":"","overlay-color":"","overlay-gradient":""},"tablet":{"background-color":"","background-image":"","background-repeat":"repeat","background-position":"center center","background-size":"auto","background-attachment":"scroll","background-type":"","background-media":"","overlay-type":"","overlay-color":"","overlay-gradient":""},"mobile":{"background-color":"","background-image":"","background-repeat":"repeat","background-position":"center center","background-size":"auto","background-attachment":"scroll","background-type":"","background-media":"","overlay-type":"","overlay-color":"","overlay-gradient":""}},"ast-content-background-meta":{"desktop":{"background-color":"var(--ast-global-color-5)","background-image":"","background-repeat":"repeat","background-position":"center center","background-size":"auto","background-attachment":"scroll","background-type":"","background-media":"","overlay-type":"","overlay-color":"","overlay-gradient":""},"tablet":{"background-color":"var(--ast-global-color-5)","background-image":"","background-repeat":"repeat","background-position":"center center","background-size":"auto","background-attachment":"scroll","background-type":"","background-media":"","overlay-type":"","overlay-color":"","overlay-gradient":""},"mobile":{"background-color":"var(--ast-global-color-5)","background-image":"","background-repeat":"repeat","background-position":"center center","background-size":"auto","background-attachment":"scroll","background-type":"","background-media":"","overlay-type":"","overlay-color":"","overlay-gradient":""}},"footnotes":""},"class_list":["post-234","page","type-page","status-publish","hentry"],"_links":{"self":[{"href":"https:\/\/pegraticonstrutora.com.br\/site\/wp-json\/wp\/v2\/pages\/234","targetHints":{"allow":["GET"]}}],"collection":[{"href":"https:\/\/pegraticonstrutora.com.br\/site\/wp-json\/wp\/v2\/pages"}],"about":[{"href":"https:\/\/pegraticonstrutora.com.br\/site\/wp-json\/wp\/v2\/types\/page"}],"author":[{"embeddable":true,"href":"https:\/\/pegraticonstrutora.com.br\/site\/wp-json\/wp\/v2\/users\/1"}],"replies":[{"embeddable":true,"href":"https:\/\/pegraticonstrutora.com.br\/site\/wp-json\/wp\/v2\/comments?post=234"}],"version-history":[{"count":112,"href":"https:\/\/pegraticonstrutora.com.br\/site\/wp-json\/wp\/v2\/pages\/234\/revisions"}],"predecessor-version":[{"id":800,"href":"https:\/\/pegraticonstrutora.com.br\/site\/wp-json\/wp\/v2\/pages\/234\/revisions\/800"}],"wp:attachment":[{"href":"https:\/\/pegraticonstrutora.com.br\/site\/wp-json\/wp\/v2\/media?parent=234"}],"curies":[{"name":"wp","href":"https:\/\/api.w.org\/{rel}","templated":true}]}}