{"id":674,"date":"2023-05-25T15:43:11","date_gmt":"2023-05-25T18:43:11","guid":{"rendered":"https:\/\/pegraticonstrutora.com.br\/site\/?page_id=674"},"modified":"2023-05-25T15:44:16","modified_gmt":"2023-05-25T18:44:16","slug":"cadastro","status":"publish","type":"page","link":"https:\/\/pegraticonstrutora.com.br\/site\/cadastro\/","title":{"rendered":"cadastro"},"content":{"rendered":"\t\t<div data-elementor-type=\"wp-page\" data-elementor-id=\"674\" class=\"elementor elementor-674\" data-elementor-post-type=\"page\">\n\t\t\t\t\t\t\t\t\t<section class=\"elementor-section elementor-top-section elementor-element elementor-element-e83e842 elementor-section-boxed elementor-section-height-default elementor-section-height-default\" data-id=\"e83e842\" data-element_type=\"section\" data-settings=\"{&quot;background_background&quot;:&quot;classic&quot;}\">\n\t\t\t\t\t\t\t<div class=\"elementor-background-overlay\"><\/div>\n\t\t\t\t\t\t\t<div class=\"elementor-container elementor-column-gap-no\">\n\t\t\t\t\t<div class=\"elementor-column elementor-col-100 elementor-top-column elementor-element elementor-element-2c2876b\" data-id=\"2c2876b\" data-element_type=\"column\">\n\t\t\t<div class=\"elementor-widget-wrap elementor-element-populated\">\n\t\t\t\t\t\t\t\t<div class=\"elementor-element elementor-element-97cc798 elementor-widget elementor-widget-heading\" data-id=\"97cc798\" data-element_type=\"widget\" data-widget_type=\"heading.default\">\n\t\t\t\t<div class=\"elementor-widget-container\">\n\t\t\t<style>\/*! elementor - v3.18.0 - 08-12-2023 *\/\n.elementor-heading-title{padding:0;margin:0;line-height:1}.elementor-widget-heading .elementor-heading-title[class*=elementor-size-]>a{color:inherit;font-size:inherit;line-height:inherit}.elementor-widget-heading .elementor-heading-title.elementor-size-small{font-size:15px}.elementor-widget-heading .elementor-heading-title.elementor-size-medium{font-size:19px}.elementor-widget-heading .elementor-heading-title.elementor-size-large{font-size:29px}.elementor-widget-heading .elementor-heading-title.elementor-size-xl{font-size:39px}.elementor-widget-heading .elementor-heading-title.elementor-size-xxl{font-size:59px}<\/style><h5 class=\"elementor-heading-title elementor-size-default\">Corretores<\/h5>\t\t<\/div>\n\t\t\t\t<\/div>\n\t\t\t\t<div class=\"elementor-element elementor-element-c5c7d2f elementor-widget elementor-widget-heading\" data-id=\"c5c7d2f\" data-element_type=\"widget\" data-widget_type=\"heading.default\">\n\t\t\t\t<div class=\"elementor-widget-container\">\n\t\t\t<h1 class=\"elementor-heading-title elementor-size-default\">Cadastro<\/h1>\t\t<\/div>\n\t\t\t\t<\/div>\n\t\t\t\t\t<\/div>\n\t\t<\/div>\n\t\t\t\t\t\t\t<\/div>\n\t\t<\/section>\n\t\t\t\t<section class=\"elementor-section elementor-top-section elementor-element elementor-element-a493524 elementor-section-boxed elementor-section-height-default elementor-section-height-default\" data-id=\"a493524\" data-element_type=\"section\">\n\t\t\t\t\t\t<div class=\"elementor-container elementor-column-gap-default\">\n\t\t\t\t\t<div class=\"elementor-column elementor-col-50 elementor-top-column elementor-element elementor-element-2f7e5a1\" data-id=\"2f7e5a1\" data-element_type=\"column\">\n\t\t\t<div class=\"elementor-widget-wrap elementor-element-populated\">\n\t\t\t\t\t\t\t\t<div class=\"elementor-element elementor-element-69797bb elementor-widget elementor-widget-html\" data-id=\"69797bb\" data-element_type=\"widget\" data-widget_type=\"html.default\">\n\t\t\t\t<div class=\"elementor-widget-container\">\n\t\t\t<!-- Start your code here -->\r\n\r\n<style>\r\n\r\ninput[type=submit] {\r\n  background-color: #D0943C;\r\n  color: white;\r\n  padding: 12px 20px;\r\n  border: none;\r\n  border-radius: 20px;\r\n  cursor: pointer;\r\n  float: left;\r\n}\r\n\r\n<\/style>  \r\n\r\n\r\n<h5>FA\u00c7A SEU CADASTRO PARA ACESSAR AS TABELAS<\/h5>\r\n \r\n\r\n\r\n\r\n<form class=\"user\" name=\"areacleinte\" action=\"..\/..\/cadastros\/cad_imobiliarias.php\" method=\"post\" >\r\n    \r\n<div class=\"form-group\">\r\n<input type=\"text\" SIZE=50%  class=\"form-control\" name=\"nome\" id=\"nome\"  placeholder=\"Nome\" required>\r\n<\/div>\r\n<div class=\"form-group\">&nbsp;<\/div>\r\n  \r\n  \r\n<div class=\"form-group\">\r\n<input type=\"email\" SIZE=50%   class=\"form-control\" name=\"email\" id=\"email\"  placeholder=\"Email\" required>\r\n<\/div>\r\n<div class=\"form-group\">&nbsp;<\/div>\r\n\r\n  <div class=\"form-group\">\r\n  \r\n    <input type=\"password\" SIZE=50%  class=\"form-control\" name=\"senha\" id=\"senha\" placeholder=\"Senha de Acesso\" required>\r\n    \r\n  <\/div>\r\n  \r\n  <div class=\"form-check\">\r\n    <input type=\"checkbox\" class=\"form-check-input\" id=\"aceitotermos\" name=\"aceitotermos\" value = \"aceito\" required >\r\n    <label class=\"form-check-label\" for=\"aceitotermos\">\u201cLi e Aceito\u201d<\/label>\r\n  <\/div>\r\n  \r\n <div class=\"form-group\">\r\n    \r\n   &nbsp;\r\n   \r\n  <\/div>\r\n  <input type=\"submit\" value=\"Cadastrar  ->\">\r\n\r\n   \r\n<\/form>\r\n\r\n\r\n\r\n\r\n\r\n<!-- End your code here -->\t\t<\/div>\n\t\t\t\t<\/div>\n\t\t\t\t\t<\/div>\n\t\t<\/div>\n\t\t\t\t<div class=\"elementor-column elementor-col-50 elementor-top-column elementor-element elementor-element-0e7e4c3\" data-id=\"0e7e4c3\" data-element_type=\"column\">\n\t\t\t<div class=\"elementor-widget-wrap elementor-element-populated\">\n\t\t\t\t\t\t\t\t<div class=\"elementor-element elementor-element-7f3d615 elementor-widget elementor-widget-text-editor\" data-id=\"7f3d615\" data-element_type=\"widget\" data-widget_type=\"text-editor.default\">\n\t\t\t\t<div class=\"elementor-widget-container\">\n\t\t\t<style>\/*! elementor - v3.18.0 - 08-12-2023 *\/\n.elementor-widget-text-editor.elementor-drop-cap-view-stacked .elementor-drop-cap{background-color:#69727d;color:#fff}.elementor-widget-text-editor.elementor-drop-cap-view-framed .elementor-drop-cap{color:#69727d;border:3px solid;background-color:transparent}.elementor-widget-text-editor:not(.elementor-drop-cap-view-default) .elementor-drop-cap{margin-top:8px}.elementor-widget-text-editor:not(.elementor-drop-cap-view-default) .elementor-drop-cap-letter{width:1em;height:1em}.elementor-widget-text-editor .elementor-drop-cap{float:left;text-align:center;line-height:1;font-size:50px}.elementor-widget-text-editor .elementor-drop-cap-letter{display:inline-block}<\/style>\t\t\t\tAo selecionar o item \u201c<b>Li e Aceito<\/b>\u201d o usu\u00e1rio concorda com todas as disposi\u00e7\u00f5es presentes neste\u00a0<b>Termo de Uso<\/b>\u00a0e\u00a0<b>Pol\u00edtica de Privacidade<\/b> para a navega\u00e7\u00e3o em qualquer Portal de Servi\u00e7os disponibilizado pela Pegrati Construtora Pegrati Incorporadora LTDA CNPJ 43.877.180\/0001-05 e utiliza\u00e7\u00e3o de seus produtos e servi\u00e7os.\t\t\t\t\t\t<\/div>\n\t\t\t\t<\/div>\n\t\t\t\t<div class=\"elementor-element elementor-element-5574009 elementor-widget elementor-widget-button\" data-id=\"5574009\" data-element_type=\"widget\" data-widget_type=\"button.default\">\n\t\t\t\t<div class=\"elementor-widget-container\">\n\t\t\t\t\t<div class=\"elementor-button-wrapper\">\n\t\t\t<a class=\"elementor-button elementor-button-link elementor-size-sm\" href=\"\/site\/politica-de-privacidade\">\n\t\t\t\t\t\t<span class=\"elementor-button-content-wrapper\">\n\t\t\t\t\t\t<span class=\"elementor-button-text\">Clique aqui<\/span>\n\t\t<\/span>\n\t\t\t\t\t<\/a>\n\t\t<\/div>\n\t\t\t\t<\/div>\n\t\t\t\t<\/div>\n\t\t\t\t\t<\/div>\n\t\t<\/div>\n\t\t\t\t\t\t\t<\/div>\n\t\t<\/section>\n\t\t\t\t\t\t\t<\/div>\n\t\t","protected":false},"excerpt":{"rendered":"<p>Corretores Cadastro FA\u00c7A SEU CADASTRO PARA ACESSAR AS TABELAS &nbsp; &nbsp; \u201cLi e Aceito\u201d &nbsp;<\/p>\n","protected":false},"author":1,"featured_media":0,"parent":0,"menu_order":0,"comment_status":"closed","ping_status":"closed","template":"","meta":{"site-sidebar-layout":"no-sidebar","site-content-layout":"page-builder","ast-site-content-layout":"","site-content-style":"default","site-sidebar-style":"default","ast-global-header-display":"","ast-banner-title-visibility":"","ast-main-header-display":"","ast-hfb-above-header-display":"","ast-hfb-below-header-display":"","ast-hfb-mobile-header-display":"","site-post-title":"disabled","ast-breadcrumbs-content":"","ast-featured-img":"disabled","footer-sml-layout":"","theme-transparent-header-meta":"","adv-header-id-meta":"","stick-header-meta":"","header-above-stick-meta":"","header-main-stick-meta":"","header-below-stick-meta":"","astra-migrate-meta-layouts":"default","ast-page-background-enabled":"default","ast-page-background-meta":{"desktop":{"background-color":"var(--ast-global-color-4)","background-image":"","background-repeat":"repeat","background-position":"center center","background-size":"auto","background-attachment":"scroll","background-type":"","background-media":"","overlay-type":"","overlay-color":"","overlay-gradient":""},"tablet":{"background-color":"","background-image":"","background-repeat":"repeat","background-position":"center center","background-size":"auto","background-attachment":"scroll","background-type":"","background-media":"","overlay-type":"","overlay-color":"","overlay-gradient":""},"mobile":{"background-color":"","background-image":"","background-repeat":"repeat","background-position":"center center","background-size":"auto","background-attachment":"scroll","background-type":"","background-media":"","overlay-type":"","overlay-color":"","overlay-gradient":""}},"ast-content-background-meta":{"desktop":{"background-color":"var(--ast-global-color-5)","background-image":"","background-repeat":"repeat","background-position":"center center","background-size":"auto","background-attachment":"scroll","background-type":"","background-media":"","overlay-type":"","overlay-color":"","overlay-gradient":""},"tablet":{"background-color":"var(--ast-global-color-5)","background-image":"","background-repeat":"repeat","background-position":"center center","background-size":"auto","background-attachment":"scroll","background-type":"","background-media":"","overlay-type":"","overlay-color":"","overlay-gradient":""},"mobile":{"background-color":"var(--ast-global-color-5)","background-image":"","background-repeat":"repeat","background-position":"center center","background-size":"auto","background-attachment":"scroll","background-type":"","background-media":"","overlay-type":"","overlay-color":"","overlay-gradient":""}},"footnotes":""},"class_list":["post-674","page","type-page","status-publish","hentry"],"_links":{"self":[{"href":"https:\/\/pegraticonstrutora.com.br\/site\/wp-json\/wp\/v2\/pages\/674","targetHints":{"allow":["GET"]}}],"collection":[{"href":"https:\/\/pegraticonstrutora.com.br\/site\/wp-json\/wp\/v2\/pages"}],"about":[{"href":"https:\/\/pegraticonstrutora.com.br\/site\/wp-json\/wp\/v2\/types\/page"}],"author":[{"embeddable":true,"href":"https:\/\/pegraticonstrutora.com.br\/site\/wp-json\/wp\/v2\/users\/1"}],"replies":[{"embeddable":true,"href":"https:\/\/pegraticonstrutora.com.br\/site\/wp-json\/wp\/v2\/comments?post=674"}],"version-history":[{"count":4,"href":"https:\/\/pegraticonstrutora.com.br\/site\/wp-json\/wp\/v2\/pages\/674\/revisions"}],"predecessor-version":[{"id":678,"href":"https:\/\/pegraticonstrutora.com.br\/site\/wp-json\/wp\/v2\/pages\/674\/revisions\/678"}],"wp:attachment":[{"href":"https:\/\/pegraticonstrutora.com.br\/site\/wp-json\/wp\/v2\/media?parent=674"}],"curies":[{"name":"wp","href":"https:\/\/api.w.org\/{rel}","templated":true}]}}